{"id":203,"date":"2026-03-23T15:57:55","date_gmt":"2026-03-23T15:57:55","guid":{"rendered":"https:\/\/elhierrofilmcommission.com\/?page_id=203"},"modified":"2026-05-04T10:41:53","modified_gmt":"2026-05-04T10:41:53","slug":"sostenibilidad","status":"publish","type":"page","link":"https:\/\/elhierrofilmcommission.com\/en\/destino-de-cine\/sostenibilidad\/","title":{"rendered":"Sustainability"},"content":{"rendered":"\t\t<div data-elementor-type=\"wp-page\" data-elementor-id=\"203\" class=\"elementor elementor-203\">\n\t\t\t\t<div class=\"elementor-element elementor-element-09b9d3c e-flex e-con-boxed e-con e-parent\" data-id=\"09b9d3c\" data-element_type=\"container\" data-e-type=\"container\" data-settings=\"{&quot;background_background&quot;:&quot;slideshow&quot;,&quot;background_slideshow_gallery&quot;:[{&quot;id&quot;:475,&quot;url&quot;:&quot;https:\\\/\\\/elhierrofilmcommission.com\\\/wp-content\\\/uploads\\\/2026\\\/04\\\/Las-Puntas.jpg&quot;}],&quot;background_slideshow_slide_duration&quot;:5000,&quot;background_slideshow_slide_transition&quot;:&quot;fade&quot;,&quot;background_slideshow_transition_duration&quot;:500}\">\n\t\t\t\t\t<div class=\"e-con-inner\">\n\t\t\t\t<div class=\"elementor-element elementor-element-851ed39 elementor-widget elementor-widget-heading\" data-id=\"851ed39\" data-element_type=\"widget\" data-e-type=\"widget\" data-widget_type=\"heading.default\">\n\t\t\t\t\t<h1 class=\"elementor-heading-title elementor-size-default\">Rodajes Sostenibles <\/h1>\t\t\t\t<\/div>\n\t\t\t\t\t<\/div>\n\t\t\t\t<\/div>\n\t\t<div class=\"elementor-element elementor-element-c35e1b5 e-flex e-con-boxed e-con e-parent\" data-id=\"c35e1b5\" data-element_type=\"container\" data-e-type=\"container\">\n\t\t\t\t\t<div class=\"e-con-inner\">\n\t\t\t\t<div class=\"elementor-element elementor-element-743a941 elementor-widget elementor-widget-heading\" data-id=\"743a941\" data-element_type=\"widget\" data-e-type=\"widget\" data-widget_type=\"heading.default\">\n\t\t\t\t\t<h2 class=\"elementor-heading-title elementor-size-default\">La Sostenibilidad: Una Oportunidad para la Industria Audiovisual<\/h2>\t\t\t\t<\/div>\n\t\t\t\t<div class=\"elementor-element elementor-element-cfd5b3e elementor-widget elementor-widget-text-editor\" data-id=\"cfd5b3e\" data-element_type=\"widget\" data-e-type=\"widget\" data-widget_type=\"text-editor.default\">\n\t\t\t\t\t\t\t\t\t<p><strong>El Hierro Film Commission<\/strong> promueve activamente los rodajes sostenibles como pilar fundamental, alineados con la condici\u00f3n de <strong>Reserva de la Biosfera UNESCO<\/strong> de la isla y su excepcional patrimonio natural. En un territorio donde m\u00e1s del <strong>60% del suelo est\u00e1 protegido<\/strong>, apostamos por una industria audiovisual responsable que integra la sostenibilidad como motor de innovaci\u00f3n y excelencia.<\/p>\t\t\t\t\t\t\t\t<\/div>\n\t\t\t\t\t<\/div>\n\t\t\t\t<\/div>\n\t\t<div class=\"elementor-element elementor-element-fc64def e-flex e-con-boxed e-con e-parent\" data-id=\"fc64def\" data-element_type=\"container\" data-e-type=\"container\" data-settings=\"{&quot;background_background&quot;:&quot;classic&quot;}\">\n\t\t\t\t\t<div class=\"e-con-inner\">\n\t\t\t\t<div class=\"elementor-element elementor-element-c185038 elementor-widget elementor-widget-heading\" data-id=\"c185038\" data-element_type=\"widget\" data-e-type=\"widget\" data-widget_type=\"heading.default\">\n\t\t\t\t\t<h3 class=\"elementor-heading-title elementor-size-default\">Medidas Esenciales para Rodajes Sostenibles<\/h3>\t\t\t\t<\/div>\n\t\t\t\t<div class=\"elementor-element elementor-element-a3d19f1 elementor-widget elementor-widget-text-editor\" data-id=\"a3d19f1\" data-element_type=\"widget\" data-e-type=\"widget\" data-widget_type=\"text-editor.default\">\n\t\t\t\t\t\t\t\t\t<p>Para garantizar producciones respetuosas y eficientes, recomendamos seguir estas directrices clave, inspiradas en est\u00e1ndares como Green Shooting de Spain Film Commission:<\/p>\t\t\t\t\t\t\t\t<\/div>\n\t\t\t\t\t<\/div>\n\t\t\t\t<\/div>\n\t\t<div class=\"elementor-element elementor-element-54224fd e-flex e-con-boxed e-con e-parent\" data-id=\"54224fd\" data-element_type=\"container\" data-e-type=\"container\">\n\t\t\t\t\t<div class=\"e-con-inner\">\n\t\t<div class=\"elementor-element elementor-element-949b0a7 e-con-full e-flex e-con e-child\" data-id=\"949b0a7\" data-element_type=\"container\" data-e-type=\"container\" data-settings=\"{&quot;background_background&quot;:&quot;classic&quot;}\">\n\t\t\t\t<div class=\"elementor-element elementor-element-46b1b11 elementor-position-left elementor-vertical-align-middle elementor-widget elementor-widget-image-box\" data-id=\"46b1b11\" data-element_type=\"widget\" data-e-type=\"widget\" data-widget_type=\"image-box.default\">\n\t\t\t\t\t<div class=\"elementor-image-box-wrapper\"><figure class=\"elementor-image-box-img\"><img fetchpriority=\"high\" decoding=\"async\" width=\"1500\" height=\"1000\" src=\"https:\/\/elhierrofilmcommission.com\/wp-content\/uploads\/2026\/04\/Ermita-Virgen-de-los-Reyes.jpg\" class=\"attachment-full size-full wp-image-461\" alt=\"\" style=\"width:100%;height:66.67%;max-width:1500px\" srcset=\"https:\/\/elhierrofilmcommission.com\/wp-content\/uploads\/2026\/04\/Ermita-Virgen-de-los-Reyes.jpg 1500w, https:\/\/elhierrofilmcommission.com\/wp-content\/uploads\/2026\/04\/Ermita-Virgen-de-los-Reyes-300x200.jpg 300w, https:\/\/elhierrofilmcommission.com\/wp-content\/uploads\/2026\/04\/Ermita-Virgen-de-los-Reyes-1024x683.jpg 1024w, https:\/\/elhierrofilmcommission.com\/wp-content\/uploads\/2026\/04\/Ermita-Virgen-de-los-Reyes-768x512.jpg 768w, https:\/\/elhierrofilmcommission.com\/wp-content\/uploads\/2026\/04\/Ermita-Virgen-de-los-Reyes-18x12.jpg 18w\" sizes=\"(max-width: 1500px) 100vw, 1500px\" \/><\/figure><div class=\"elementor-image-box-content\"><h3 class=\"elementor-image-box-title\">Preproducci\u00f3n responsable<\/h3><p class=\"elementor-image-box-description\">Evaluar impactos ambientales desde la selecci\u00f3n de localizaciones, coordinando con autoridades locales y utilizando herramientas como el Albert Calculator para medir huella de carbono.<\/p><\/div><\/div>\t\t\t\t<\/div>\n\t\t\t\t<div class=\"elementor-element elementor-element-d42215a elementor-position-left elementor-vertical-align-middle elementor-widget elementor-widget-image-box\" data-id=\"d42215a\" data-element_type=\"widget\" data-e-type=\"widget\" data-widget_type=\"image-box.default\">\n\t\t\t\t\t<div class=\"elementor-image-box-wrapper\"><figure class=\"elementor-image-box-img\"><img decoding=\"async\" width=\"1500\" height=\"1000\" src=\"https:\/\/elhierrofilmcommission.com\/wp-content\/uploads\/2026\/04\/Las-Puntas.jpg\" class=\"attachment-full size-full wp-image-475\" alt=\"\" style=\"width:100%;height:66.67%;max-width:1500px\" srcset=\"https:\/\/elhierrofilmcommission.com\/wp-content\/uploads\/2026\/04\/Las-Puntas.jpg 1500w, https:\/\/elhierrofilmcommission.com\/wp-content\/uploads\/2026\/04\/Las-Puntas-300x200.jpg 300w, https:\/\/elhierrofilmcommission.com\/wp-content\/uploads\/2026\/04\/Las-Puntas-1024x683.jpg 1024w, https:\/\/elhierrofilmcommission.com\/wp-content\/uploads\/2026\/04\/Las-Puntas-768x512.jpg 768w, https:\/\/elhierrofilmcommission.com\/wp-content\/uploads\/2026\/04\/Las-Puntas-18x12.jpg 18w\" sizes=\"(max-width: 1500px) 100vw, 1500px\" \/><\/figure><div class=\"elementor-image-box-content\"><h3 class=\"elementor-image-box-title\">Gesti\u00f3n eficiente de recursos<\/h3><p class=\"elementor-image-box-description\"><b>Transporte:<\/b> Veh\u00edculos compartidos, el\u00e9ctricos o de bajo impacto; rutas optimizadas.\n<br>\n<b>Energ\u00eda:<\/b> Iluminaci\u00f3n LED, generadores eficientes y fuentes renovables.\n<br>\n<b>Catering y agua:<\/b> Proveedores locales, men\u00fas de proximidad y envases reutilizables.\n<\/p><\/div><\/div>\t\t\t\t<\/div>\n\t\t\t\t<div class=\"elementor-element elementor-element-90dd0f3 elementor-position-left elementor-vertical-align-middle elementor-widget elementor-widget-image-box\" data-id=\"90dd0f3\" data-element_type=\"widget\" data-e-type=\"widget\" data-widget_type=\"image-box.default\">\n\t\t\t\t\t<div class=\"elementor-image-box-wrapper\"><figure class=\"elementor-image-box-img\"><img decoding=\"async\" width=\"1200\" height=\"801\" src=\"https:\/\/elhierrofilmcommission.com\/wp-content\/uploads\/2026\/04\/Playa-del-Verodal.jpg\" class=\"attachment-full size-full wp-image-474\" alt=\"\" style=\"width:100%;height:66.75%;max-width:1200px\" srcset=\"https:\/\/elhierrofilmcommission.com\/wp-content\/uploads\/2026\/04\/Playa-del-Verodal.jpg 1200w, https:\/\/elhierrofilmcommission.com\/wp-content\/uploads\/2026\/04\/Playa-del-Verodal-300x200.jpg 300w, https:\/\/elhierrofilmcommission.com\/wp-content\/uploads\/2026\/04\/Playa-del-Verodal-1024x684.jpg 1024w, https:\/\/elhierrofilmcommission.com\/wp-content\/uploads\/2026\/04\/Playa-del-Verodal-768x513.jpg 768w, https:\/\/elhierrofilmcommission.com\/wp-content\/uploads\/2026\/04\/Playa-del-Verodal-18x12.jpg 18w\" sizes=\"(max-width: 1200px) 100vw, 1200px\" \/><\/figure><div class=\"elementor-image-box-content\"><h3 class=\"elementor-image-box-title\">Coordinaci\u00f3n dedicada<\/h3><p class=\"elementor-image-box-description\">Designar un responsable de sostenibilidad en el equipo para supervisar el cumplimiento y capacitar al personal.<\/p><\/div><\/div>\t\t\t\t<\/div>\n\t\t\t\t<div class=\"elementor-element elementor-element-a34dda1 elementor-position-left elementor-vertical-align-middle elementor-widget elementor-widget-image-box\" data-id=\"a34dda1\" data-element_type=\"widget\" data-e-type=\"widget\" data-widget_type=\"image-box.default\">\n\t\t\t\t\t<div class=\"elementor-image-box-wrapper\"><figure class=\"elementor-image-box-img\"><img loading=\"lazy\" decoding=\"async\" width=\"1500\" height=\"1000\" src=\"https:\/\/elhierrofilmcommission.com\/wp-content\/uploads\/2026\/04\/Guinea.jpg\" class=\"attachment-full size-full wp-image-473\" alt=\"\" style=\"width:100%;height:66.67%;max-width:1500px\" srcset=\"https:\/\/elhierrofilmcommission.com\/wp-content\/uploads\/2026\/04\/Guinea.jpg 1500w, https:\/\/elhierrofilmcommission.com\/wp-content\/uploads\/2026\/04\/Guinea-300x200.jpg 300w, https:\/\/elhierrofilmcommission.com\/wp-content\/uploads\/2026\/04\/Guinea-1024x683.jpg 1024w, https:\/\/elhierrofilmcommission.com\/wp-content\/uploads\/2026\/04\/Guinea-768x512.jpg 768w, https:\/\/elhierrofilmcommission.com\/wp-content\/uploads\/2026\/04\/Guinea-18x12.jpg 18w\" sizes=\"(max-width: 1500px) 100vw, 1500px\" \/><\/figure><div class=\"elementor-image-box-content\"><h3 class=\"elementor-image-box-title\">Control de residuos y protecci\u00f3n ambiental<\/h3><p class=\"elementor-image-box-description\">Separaci\u00f3n selectiva, cero pl\u00e1sticos de un solo uso, delimitaci\u00f3n de zonas de rodaje y restauraci\u00f3n inmediata del entorno para evitar alteraciones en flora y fauna.<\/p><\/div><\/div>\t\t\t\t<\/div>\n\t\t\t\t<\/div>\n\t\t\t\t\t<\/div>\n\t\t\t\t<\/div>\n\t\t<div class=\"elementor-element elementor-element-0bcbe23 e-flex e-con-boxed e-con e-parent\" data-id=\"0bcbe23\" data-element_type=\"container\" data-e-type=\"container\">\n\t\t\t\t\t<div class=\"e-con-inner\">\n\t\t\t\t<div class=\"elementor-element elementor-element-0e3ddc8 elementor-widget elementor-widget-text-editor\" data-id=\"0e3ddc8\" data-element_type=\"widget\" data-e-type=\"widget\" data-widget_type=\"text-editor.default\">\n\t\t\t\t\t\t\t\t\tEstas medidas, probadas en film commissions espa\u00f1olas y europeas, minimizan riesgos en \u00e1reas sensibles como las nuestras y elevan la calidad global del proyecto.\t\t\t\t\t\t\t\t<\/div>\n\t\t\t\t<div class=\"elementor-element elementor-element-5a1e9e4 elementor-align-center elementor-widget elementor-widget-button\" data-id=\"5a1e9e4\" data-element_type=\"widget\" data-e-type=\"widget\" data-widget_type=\"button.default\">\n\t\t\t\t\t\t\t\t\t\t<a class=\"elementor-button elementor-button-link elementor-size-sm\" href=\"https:\/\/docs.google.com\/spreadsheets\/d\/1mWwk6tdMTY6wWka_0R7uSP2BhqFrCG10\/edit?usp=share_link&#038;ouid=111251129475356204905&#038;rtpof=true&#038;sd=true\" target=\"_blank\">\n\t\t\t\t\t\t<span class=\"elementor-button-content-wrapper\">\n\t\t\t\t\t\t<span class=\"elementor-button-icon\">\n\t\t\t\t<svg aria-hidden=\"true\" class=\"e-font-icon-svg e-fas-arrow-down\" viewBox=\"0 0 448 512\" xmlns=\"http:\/\/www.w3.org\/2000\/svg\"><path d=\"M413.1 222.5l22.2 22.2c9.4 9.4 9.4 24.6 0 33.9L241 473c-9.4 9.4-24.6 9.4-33.9 0L12.7 278.6c-9.4-9.4-9.4-24.6 0-33.9l22.2-22.2c9.5-9.5 25-9.3 34.3.4L184 343.4V56c0-13.3 10.7-24 24-24h32c13.3 0 24 10.7 24 24v287.4l114.8-120.5c9.3-9.8 24.8-10 34.3-.4z\"><\/path><\/svg>\t\t\t<\/span>\n\t\t\t\t\t\t\t\t\t<span class=\"elementor-button-text\">Descargar Checklist Rodajes Sostenibles<\/span>\n\t\t\t\t\t<\/span>\n\t\t\t\t\t<\/a>\n\t\t\t\t\t\t\t\t<\/div>\n\t\t\t\t\t<\/div>\n\t\t\t\t<\/div>\n\t\t<div class=\"elementor-element elementor-element-2acf9f3 e-flex e-con-boxed e-con e-parent\" data-id=\"2acf9f3\" data-element_type=\"container\" data-e-type=\"container\" data-settings=\"{&quot;background_background&quot;:&quot;slideshow&quot;,&quot;background_slideshow_gallery&quot;:[{&quot;id&quot;:471,&quot;url&quot;:&quot;https:\\\/\\\/elhierrofilmcommission.com\\\/wp-content\\\/uploads\\\/2026\\\/04\\\/Arenas-Blancas-2.jpg&quot;}],&quot;background_slideshow_loop&quot;:&quot;yes&quot;,&quot;background_slideshow_slide_duration&quot;:5000,&quot;background_slideshow_slide_transition&quot;:&quot;fade&quot;,&quot;background_slideshow_transition_duration&quot;:500}\">\n\t\t\t\t\t<div class=\"e-con-inner\">\n\t\t<div class=\"elementor-element elementor-element-c9f093f e-con-full e-flex e-con e-child\" data-id=\"c9f093f\" data-element_type=\"container\" data-e-type=\"container\">\n\t\t\t\t<div class=\"elementor-element elementor-element-03e04ae elementor-widget elementor-widget-heading\" data-id=\"03e04ae\" data-element_type=\"widget\" data-e-type=\"widget\" data-widget_type=\"heading.default\">\n\t\t\t\t\t<h2 class=\"elementor-heading-title elementor-size-default\">Beneficios Tangibles e Incentivos<\/h2>\t\t\t\t<\/div>\n\t\t\t\t<div class=\"elementor-element elementor-element-0deaf2a elementor-widget elementor-widget-text-editor\" data-id=\"0deaf2a\" data-element_type=\"widget\" data-e-type=\"widget\" data-widget_type=\"text-editor.default\">\n\t\t\t\t\t\t\t\t\tLos rodajes sostenibles generan impactos positivos medibles: hasta un 20-30% de ahorro en costes por eficiencia energ\u00e9tica y log\u00edstica, junto con una reducci\u00f3n dr\u00e1stica de emisiones y residuos. Adem\u00e1s, acceden a:\t\t\t\t\t\t\t\t<\/div>\n\t\t<div class=\"elementor-element elementor-element-f315b60 e-con-full e-flex e-con e-child\" data-id=\"f315b60\" data-element_type=\"container\" data-e-type=\"container\">\n\t\t<div class=\"elementor-element elementor-element-867d232 e-con-full e-flex e-con e-child\" data-id=\"867d232\" data-element_type=\"container\" data-e-type=\"container\">\n\t\t\t\t<div class=\"elementor-element elementor-element-39b64fe elementor-view-default elementor-position-block-start elementor-mobile-position-block-start elementor-widget elementor-widget-icon-box\" data-id=\"39b64fe\" data-element_type=\"widget\" data-e-type=\"widget\" data-widget_type=\"icon-box.default\">\n\t\t\t\t\t\t\t<div class=\"elementor-icon-box-wrapper\">\n\n\t\t\t\t\t\t<div class=\"elementor-icon-box-icon\">\n\t\t\t\t<span  class=\"elementor-icon\">\n\t\t\t\t<svg aria-hidden=\"true\" class=\"e-font-icon-svg e-fas-chart-line\" viewBox=\"0 0 512 512\" xmlns=\"http:\/\/www.w3.org\/2000\/svg\"><path d=\"M496 384H64V80c0-8.84-7.16-16-16-16H16C7.16 64 0 71.16 0 80v336c0 17.67 14.33 32 32 32h464c8.84 0 16-7.16 16-16v-32c0-8.84-7.16-16-16-16zM464 96H345.94c-21.38 0-32.09 25.85-16.97 40.97l32.4 32.4L288 242.75l-73.37-73.37c-12.5-12.5-32.76-12.5-45.25 0l-68.69 68.69c-6.25 6.25-6.25 16.38 0 22.63l22.62 22.62c6.25 6.25 16.38 6.25 22.63 0L192 237.25l73.37 73.37c12.5 12.5 32.76 12.5 45.25 0l96-96 32.4 32.4c15.12 15.12 40.97 4.41 40.97-16.97V112c.01-8.84-7.15-16-15.99-16z\"><\/path><\/svg>\t\t\t\t<\/span>\n\t\t\t<\/div>\n\t\t\t\n\t\t\t\t\t\t<div class=\"elementor-icon-box-content\">\n\n\t\t\t\t\t\t\t\t\t<h3 class=\"elementor-icon-box-title\">\n\t\t\t\t\t\t<span  >\n\t\t\t\t\t\t\tIncentivos fiscales\t\t\t\t\t\t<\/span>\n\t\t\t\t\t<\/h3>\n\t\t\t\t\n\t\t\t\t\t\t\t\t\t<p class=\"elementor-icon-box-description\">\n\t\t\t\t\t\tDeducciones tributarias y subvenciones de administraciones espa\u00f1olas y europeas para producciones \"verdes\", gestionadas a trav\u00e9s de Spain Film Commission.\t\t\t\t\t<\/p>\n\t\t\t\t\n\t\t\t<\/div>\n\t\t\t\n\t\t<\/div>\n\t\t\t\t\t\t<\/div>\n\t\t\t\t<div class=\"elementor-element elementor-element-719ae27 elementor-align-center elementor-widget elementor-widget-button\" data-id=\"719ae27\" data-element_type=\"widget\" data-e-type=\"widget\" data-widget_type=\"button.default\">\n\t\t\t\t\t\t\t\t\t\t<a class=\"elementor-button elementor-button-link elementor-size-sm\" href=\"\/incentivos\/\">\n\t\t\t\t\t\t<span class=\"elementor-button-content-wrapper\">\n\t\t\t\t\t\t\t\t\t<span class=\"elementor-button-text\">M\u00e1s informaci\u00f3n <\/span>\n\t\t\t\t\t<\/span>\n\t\t\t\t\t<\/a>\n\t\t\t\t\t\t\t\t<\/div>\n\t\t\t\t<\/div>\n\t\t<div class=\"elementor-element elementor-element-8f918ab e-con-full e-flex e-con e-child\" data-id=\"8f918ab\" data-element_type=\"container\" data-e-type=\"container\">\n\t\t\t\t<div class=\"elementor-element elementor-element-4e1cd61 elementor-view-default elementor-position-block-start elementor-mobile-position-block-start elementor-widget elementor-widget-icon-box\" data-id=\"4e1cd61\" data-element_type=\"widget\" data-e-type=\"widget\" data-widget_type=\"icon-box.default\">\n\t\t\t\t\t\t\t<div class=\"elementor-icon-box-wrapper\">\n\n\t\t\t\t\t\t<div class=\"elementor-icon-box-icon\">\n\t\t\t\t<span  class=\"elementor-icon\">\n\t\t\t\t<svg aria-hidden=\"true\" class=\"e-font-icon-svg e-fas-award\" viewBox=\"0 0 384 512\" xmlns=\"http:\/\/www.w3.org\/2000\/svg\"><path d=\"M97.12 362.63c-8.69-8.69-4.16-6.24-25.12-11.85-9.51-2.55-17.87-7.45-25.43-13.32L1.2 448.7c-4.39 10.77 3.81 22.47 15.43 22.03l52.69-2.01L105.56 507c8 8.44 22.04 5.81 26.43-4.96l52.05-127.62c-10.84 6.04-22.87 9.58-35.31 9.58-19.5 0-37.82-7.59-51.61-21.37zM382.8 448.7l-45.37-111.24c-7.56 5.88-15.92 10.77-25.43 13.32-21.07 5.64-16.45 3.18-25.12 11.85-13.79 13.78-32.12 21.37-51.62 21.37-12.44 0-24.47-3.55-35.31-9.58L252 502.04c4.39 10.77 18.44 13.4 26.43 4.96l36.25-38.28 52.69 2.01c11.62.44 19.82-11.27 15.43-22.03zM263 340c15.28-15.55 17.03-14.21 38.79-20.14 13.89-3.79 24.75-14.84 28.47-28.98 7.48-28.4 5.54-24.97 25.95-45.75 10.17-10.35 14.14-25.44 10.42-39.58-7.47-28.38-7.48-24.42 0-52.83 3.72-14.14-.25-29.23-10.42-39.58-20.41-20.78-18.47-17.36-25.95-45.75-3.72-14.14-14.58-25.19-28.47-28.98-27.88-7.61-24.52-5.62-44.95-26.41-10.17-10.35-25-14.4-38.89-10.61-27.87 7.6-23.98 7.61-51.9 0-13.89-3.79-28.72.25-38.89 10.61-20.41 20.78-17.05 18.8-44.94 26.41-13.89 3.79-24.75 14.84-28.47 28.98-7.47 28.39-5.54 24.97-25.95 45.75-10.17 10.35-14.15 25.44-10.42 39.58 7.47 28.36 7.48 24.4 0 52.82-3.72 14.14.25 29.23 10.42 39.59 20.41 20.78 18.47 17.35 25.95 45.75 3.72 14.14 14.58 25.19 28.47 28.98C104.6 325.96 106.27 325 121 340c13.23 13.47 33.84 15.88 49.74 5.82a39.676 39.676 0 0 1 42.53 0c15.89 10.06 36.5 7.65 49.73-5.82zM97.66 175.96c0-53.03 42.24-96.02 94.34-96.02s94.34 42.99 94.34 96.02-42.24 96.02-94.34 96.02-94.34-42.99-94.34-96.02z\"><\/path><\/svg>\t\t\t\t<\/span>\n\t\t\t<\/div>\n\t\t\t\n\t\t\t\t\t\t<div class=\"elementor-icon-box-content\">\n\n\t\t\t\t\t\t\t\t\t<h3 class=\"elementor-icon-box-title\">\n\t\t\t\t\t\t<span  >\n\t\t\t\t\t\t\tCertificaciones prestigiosas\t\t\t\t\t\t<\/span>\n\t\t\t\t\t<\/h3>\n\t\t\t\t\n\t\t\t\t\t\t\t\t\t<p class=\"elementor-icon-box-description\">\n\t\t\t\t\t\tAlbert (huella de carbono), Green Shooting (est\u00e1ndar nacional) e ISO 14001 adaptado, que abren puertas a fondos europeos y mercados premium.\t\t\t\t\t<\/p>\n\t\t\t\t\n\t\t\t<\/div>\n\t\t\t\n\t\t<\/div>\n\t\t\t\t\t\t<\/div>\n\t\t\t\t<div class=\"elementor-element elementor-element-80ee472 elementor-align-center elementor-widget elementor-widget-button\" data-id=\"80ee472\" data-element_type=\"widget\" data-e-type=\"widget\" data-widget_type=\"button.default\">\n\t\t\t\t\t\t\t\t\t\t<a class=\"elementor-button elementor-button-link elementor-size-sm\" href=\"https:\/\/spainfilmcommission.com\/rodar-en-espana\/green-shooting\/\">\n\t\t\t\t\t\t<span class=\"elementor-button-content-wrapper\">\n\t\t\t\t\t\t\t\t\t<span class=\"elementor-button-text\">M\u00e1s informaci\u00f3n <\/span>\n\t\t\t\t\t<\/span>\n\t\t\t\t\t<\/a>\n\t\t\t\t\t\t\t\t<\/div>\n\t\t\t\t<\/div>\n\t\t\t\t<\/div>\n\t\t\t\t<\/div>\n\t\t\t\t\t<\/div>\n\t\t\t\t<\/div>\n\t\t\t\t<\/div>\n\t\t","protected":false},"excerpt":{"rendered":"<p>Rodajes Sostenibles La Sostenibilidad: Una Oportunidad para la Industria Audiovisual El Hierro Film Commission promueve activamente los rodajes sostenibles como pilar fundamental, alineados con la condici\u00f3n de Reserva de la Biosfera UNESCO de la isla y su excepcional patrimonio natural. En un territorio donde m\u00e1s del 60% del suelo est\u00e1 protegido, apostamos por una industria&hellip; <a class=\"more-link\" href=\"https:\/\/elhierrofilmcommission.com\/en\/destino-de-cine\/sostenibilidad\/\">Continue reading <span class=\"screen-reader-text\">Sustainability<\/span><\/a><\/p>","protected":false},"author":1,"featured_media":0,"parent":12,"menu_order":5,"comment_status":"closed","ping_status":"closed","template":"elementor_header_footer","meta":{"_acf_changed":false,"footnotes":"","_links_to":"","_links_to_target":""},"class_list":["post-203","page","type-page","status-publish","hentry","entry"],"acf":[],"_links":{"self":[{"href":"https:\/\/elhierrofilmcommission.com\/en\/wp-json\/wp\/v2\/pages\/203","targetHints":{"allow":["GET"]}}],"collection":[{"href":"https:\/\/elhierrofilmcommission.com\/en\/wp-json\/wp\/v2\/pages"}],"about":[{"href":"https:\/\/elhierrofilmcommission.com\/en\/wp-json\/wp\/v2\/types\/page"}],"author":[{"embeddable":true,"href":"https:\/\/elhierrofilmcommission.com\/en\/wp-json\/wp\/v2\/users\/1"}],"replies":[{"embeddable":true,"href":"https:\/\/elhierrofilmcommission.com\/en\/wp-json\/wp\/v2\/comments?post=203"}],"version-history":[{"count":40,"href":"https:\/\/elhierrofilmcommission.com\/en\/wp-json\/wp\/v2\/pages\/203\/revisions"}],"predecessor-version":[{"id":2142,"href":"https:\/\/elhierrofilmcommission.com\/en\/wp-json\/wp\/v2\/pages\/203\/revisions\/2142"}],"up":[{"embeddable":true,"href":"https:\/\/elhierrofilmcommission.com\/en\/wp-json\/wp\/v2\/pages\/12"}],"wp:attachment":[{"href":"https:\/\/elhierrofilmcommission.com\/en\/wp-json\/wp\/v2\/media?parent=203"}],"curies":[{"name":"wp","href":"https:\/\/api.w.org\/{rel}","templated":true}]}}