{"id":59,"date":"2026-03-23T14:40:12","date_gmt":"2026-03-23T14:40:12","guid":{"rendered":"https:\/\/elhierrofilmcommission.com\/?page_id=59"},"modified":"2026-05-05T18:47:53","modified_gmt":"2026-05-05T18:47:53","slug":"aviso-legal","status":"publish","type":"page","link":"https:\/\/elhierrofilmcommission.com\/en\/aviso-legal\/","title":{"rendered":"Legal Notice"},"content":{"rendered":"<div data-elementor-type=\"wp-page\" data-elementor-id=\"59\" class=\"elementor elementor-59\">\n\t\t\t\t<div class=\"elementor-element elementor-element-1ae42141 e-flex e-con-boxed e-con e-parent\" data-id=\"1ae42141\" data-element_type=\"container\" data-e-type=\"container\">\n\t\t\t\t\t<div class=\"e-con-inner\">\n\t\t\t\t<div class=\"elementor-element elementor-element-5250ac2f elementor-widget elementor-widget-text-editor\" data-id=\"5250ac2f\" data-element_type=\"widget\" data-e-type=\"widget\" data-widget_type=\"text-editor.default\">\n\t\t\t\t\t\t\t\t\t\n<h2 class=\"wp-block-heading\"><\/h2>\n\t\t\t\t\t\t\t\t<\/div>\n\t\t\t\t\t<\/div>\n\t\t\t\t<\/div>\n\t\t<div class=\"elementor-element elementor-element-c93d177 e-flex e-con-boxed e-con e-parent\" data-id=\"c93d177\" data-element_type=\"container\" data-e-type=\"container\">\n\t\t\t\t\t<div class=\"e-con-inner\">\n\t\t\t\t<div class=\"elementor-element elementor-element-a0389f8 elementor-widget elementor-widget-heading\" data-id=\"a0389f8\" data-element_type=\"widget\" data-e-type=\"widget\" data-widget_type=\"heading.default\">\n\t\t\t\t\t<h1 class=\"elementor-heading-title elementor-size-default\">Legal Notice<\/h1>\t\t\t\t<\/div>\n\t\t\t\t<div class=\"elementor-element elementor-element-b7110fc elementor-widget elementor-widget-heading\" data-id=\"b7110fc\" data-element_type=\"widget\" data-e-type=\"widget\" data-widget_type=\"heading.default\">\n\t\t\t\t\t<h2 class=\"elementor-heading-title elementor-size-default\">1. Identifying Information<\/h2>\t\t\t\t<\/div>\n\t\t\t\t<div class=\"elementor-element elementor-element-fb59c15 elementor-widget elementor-widget-text-editor\" data-id=\"fb59c15\" data-element_type=\"widget\" data-e-type=\"widget\" data-widget_type=\"text-editor.default\">\n\t\t\t\t\t\t\t\t\t<p>In compliance with the disclosure requirements set forth in Article 10 of Law 34\/2002 on Information Society Services and Electronic Commerce (LSSI-CE), we hereby inform you that this website is owned by: El Hierro Film Commission \u2013 El Hierro Island Council Address: C\/ Doctor Quintero Magdaleno 11, 38900 Valverde, El Hierro, Spain.<\/p>\n<p>Contact information for the Data Protection Officer:<br \/><span style=\"text-decoration: underline;\"><a href=\"mailto:dpd@elhierro.es\">dpd@elhierro.es\u00a0<\/a><\/span><\/p>\t\t\t\t\t\t\t\t<\/div>\n\t\t\t\t<div class=\"elementor-element elementor-element-40dba21 elementor-widget elementor-widget-heading\" data-id=\"40dba21\" data-element_type=\"widget\" data-e-type=\"widget\" data-widget_type=\"heading.default\">\n\t\t\t\t\t<h2 class=\"elementor-heading-title elementor-size-default\">2. Purpose<\/h2>\t\t\t\t<\/div>\n\t\t\t\t<div class=\"elementor-element elementor-element-8d6b926 elementor-widget elementor-widget-text-editor\" data-id=\"8d6b926\" data-element_type=\"widget\" data-e-type=\"widget\" data-widget_type=\"text-editor.default\">\n\t\t\t\t\t\t\t\t\t<p>The purpose of this website is to provide information about the activities of the El Hierro Film Commission, to promote the island of El Hierro as a filming destination, and to provide access to professional directories, filming locations, and services related to the audiovisual sector.<\/p>\t\t\t\t\t\t\t\t<\/div>\n\t\t\t\t<div class=\"elementor-element elementor-element-a02ddb2 elementor-widget elementor-widget-heading\" data-id=\"a02ddb2\" data-element_type=\"widget\" data-e-type=\"widget\" data-widget_type=\"heading.default\">\n\t\t\t\t\t<h2 class=\"elementor-heading-title elementor-size-default\">3. Terms of Use <\/h2>\t\t\t\t<\/div>\n\t\t\t\t<div class=\"elementor-element elementor-element-05655b9 elementor-widget elementor-widget-text-editor\" data-id=\"05655b9\" data-element_type=\"widget\" data-e-type=\"widget\" data-widget_type=\"text-editor.default\">\n\t\t\t\t\t\t\t\t\t<p>Access to and use of this website constitutes acceptance of the terms and conditions set forth herein. The user agrees to make appropriate use of the content and services, and shall refrain from using them to: Engage in illegal activities or activities contrary to good faith; Cause damage to the website\u2019s physical or logical systems; Attempt to access or use other users\u2019 accounts.<\/p>\t\t\t\t\t\t\t\t<\/div>\n\t\t\t\t<div class=\"elementor-element elementor-element-173a969 elementor-widget elementor-widget-heading\" data-id=\"173a969\" data-element_type=\"widget\" data-e-type=\"widget\" data-widget_type=\"heading.default\">\n\t\t\t\t\t<h2 class=\"elementor-heading-title elementor-size-default\"> 4. Intellectual and Industrial Property <\/h2>\t\t\t\t<\/div>\n\t\t\t\t<div class=\"elementor-element elementor-element-db3bea9 elementor-widget elementor-widget-text-editor\" data-id=\"db3bea9\" data-element_type=\"widget\" data-e-type=\"widget\" data-widget_type=\"text-editor.default\">\n\t\t\t\t\t\t\t\t\t<p>All content on this website (text, images, logos, design, structure, source code, etc.) is owned by the Cabildo Insular de El Hierro or is used under the necessary licenses, and is protected by intellectual and industrial property laws. Reproduction, distribution, or modification of this content is prohibited without the express authorization of the owner.\u00a0<\/p>\t\t\t\t\t\t\t\t<\/div>\n\t\t\t\t<div class=\"elementor-element elementor-element-23e3ff4 elementor-widget elementor-widget-heading\" data-id=\"23e3ff4\" data-element_type=\"widget\" data-e-type=\"widget\" data-widget_type=\"heading.default\">\n\t\t\t\t\t<h2 class=\"elementor-heading-title elementor-size-default\">5. Liability <\/h2>\t\t\t\t<\/div>\n\t\t\t\t<div class=\"elementor-element elementor-element-fe24190 elementor-widget elementor-widget-text-editor\" data-id=\"fe24190\" data-element_type=\"widget\" data-e-type=\"widget\" data-widget_type=\"text-editor.default\">\n\t\t\t\t\t\t\t\t\t<p>The El Hierro Film Commission is not liable for any damages that may arise from the use of the website\u2019s content, nor does it guarantee the absence of viruses or other elements that could cause disruptions to computer systems. It is also not responsible for the content of external links that may be included on the website.<\/p>\t\t\t\t\t\t\t\t<\/div>\n\t\t\t\t<div class=\"elementor-element elementor-element-da3755f elementor-widget elementor-widget-heading\" data-id=\"da3755f\" data-element_type=\"widget\" data-e-type=\"widget\" data-widget_type=\"heading.default\">\n\t\t\t\t\t<h2 class=\"elementor-heading-title elementor-size-default\">6. Links <\/h2>\t\t\t\t<\/div>\n\t\t\t\t<div class=\"elementor-element elementor-element-aafb47e elementor-widget elementor-widget-text-editor\" data-id=\"aafb47e\" data-element_type=\"widget\" data-e-type=\"widget\" data-widget_type=\"text-editor.default\">\n\t\t\t\t\t\t\t\t\tIf the website contains links or hyperlinks to other websites, El Hierro Film Commission exercises no control over such sites or their content and assumes no responsibility for them.\t\t\t\t\t\t\t\t<\/div>\n\t\t\t\t<div class=\"elementor-element elementor-element-f99565a elementor-widget elementor-widget-heading\" data-id=\"f99565a\" data-element_type=\"widget\" data-e-type=\"widget\" data-widget_type=\"heading.default\">\n\t\t\t\t\t<h2 class=\"elementor-heading-title elementor-size-default\"> 7. Data Protection <\/h2>\t\t\t\t<\/div>\n\t\t\t\t<div class=\"elementor-element elementor-element-1a3ef76 elementor-widget elementor-widget-text-editor\" data-id=\"1a3ef76\" data-element_type=\"widget\" data-e-type=\"widget\" data-widget_type=\"text-editor.default\">\n\t\t\t\t\t\t\t\t\tThe processing of personal data is governed by the provisions of this website\u2019s Privacy Policy. \t\t\t\t\t\t\t\t<\/div>\n\t\t\t\t<div class=\"elementor-element elementor-element-0292bd7 elementor-widget elementor-widget-heading\" data-id=\"0292bd7\" data-element_type=\"widget\" data-e-type=\"widget\" data-widget_type=\"heading.default\">\n\t\t\t\t\t<h2 class=\"elementor-heading-title elementor-size-default\">8. Governing Law and Jurisdiction<\/h2>\t\t\t\t<\/div>\n\t\t\t\t<div class=\"elementor-element elementor-element-f12764b elementor-widget elementor-widget-text-editor\" data-id=\"f12764b\" data-element_type=\"widget\" data-e-type=\"widget\" data-widget_type=\"text-editor.default\">\n\t\t\t\t\t\t\t\t\t<p>La relaci\u00f3n entre el titular del sitio web y el usuario se regir\u00e1 por la normativa espa\u00f1ola vigente. Para la resoluci\u00f3n de cualquier conflicto que pudiera derivarse del acceso o uso del sitio web, las partes se someter\u00e1n a los juzgados y tribunales de la isla de El Hierro conforme a la legislaci\u00f3n aplicable.<\/p>\t\t\t\t\t\t\t\t<\/div>\n\t\t\t\t\t<\/div>\n\t\t\t\t<\/div>\n\t\t\t\t<\/div>","protected":false},"excerpt":{"rendered":"<p>Aviso Legal 1. Datos Identificativos En cumplimiento del deber de informaci\u00f3n recogido en el art\u00edculo 10 de la Ley 34\/2002, de Servicios de la Sociedad de la Informaci\u00f3n y del Comercio Electr\u00f3nico (LSSI-CE), se informa de que el presente sitio web es titularidad de: El Hierro Film Commission \u2013 Cabildo Insular de El Hierro Direcci\u00f3n:&hellip; <a class=\"more-link\" href=\"https:\/\/elhierrofilmcommission.com\/en\/aviso-legal\/\">Continue reading <span class=\"screen-reader-text\">Legal Notice<\/span><\/a><\/p>","protected":false},"author":1,"featured_media":0,"parent":0,"menu_order":0,"comment_status":"closed","ping_status":"closed","template":"elementor_header_footer","meta":{"_acf_changed":false,"footnotes":"","_links_to":"","_links_to_target":""},"class_list":["post-59","page","type-page","status-publish","hentry","entry"],"acf":[],"_links":{"self":[{"href":"https:\/\/elhierrofilmcommission.com\/en\/wp-json\/wp\/v2\/pages\/59","targetHints":{"allow":["GET"]}}],"collection":[{"href":"https:\/\/elhierrofilmcommission.com\/en\/wp-json\/wp\/v2\/pages"}],"about":[{"href":"https:\/\/elhierrofilmcommission.com\/en\/wp-json\/wp\/v2\/types\/page"}],"author":[{"embeddable":true,"href":"https:\/\/elhierrofilmcommission.com\/en\/wp-json\/wp\/v2\/users\/1"}],"replies":[{"embeddable":true,"href":"https:\/\/elhierrofilmcommission.com\/en\/wp-json\/wp\/v2\/comments?post=59"}],"version-history":[{"count":14,"href":"https:\/\/elhierrofilmcommission.com\/en\/wp-json\/wp\/v2\/pages\/59\/revisions"}],"predecessor-version":[{"id":2259,"href":"https:\/\/elhierrofilmcommission.com\/en\/wp-json\/wp\/v2\/pages\/59\/revisions\/2259"}],"wp:attachment":[{"href":"https:\/\/elhierrofilmcommission.com\/en\/wp-json\/wp\/v2\/media?parent=59"}],"curies":[{"name":"wp","href":"https:\/\/api.w.org\/{rel}","templated":true}]}}